{"id":12973,"date":"2022-12-01T15:19:26","date_gmt":"2022-12-01T14:19:26","guid":{"rendered":"https:\/\/www.stadtmuseum.de\/?page_id=12973"},"modified":"2023-01-03T14:22:16","modified_gmt":"2023-01-03T13:22:16","slug":"service","status":"publish","type":"page","link":"https:\/\/www.stadtmuseum.de\/en\/service","title":{"rendered":"Service"},"content":{"rendered":"<section class=\"block block-headline has-highlight-color block-no-margin\" >\n\t<div class=\"container-fluid\">\n\t\t<div class=\"row\">\n\t\t\t\t\t\t<div class=\"col-xs-12 col-md-7\">\n\t\t\t\t<div class=\"box\">\n\t\t\t\t\t<h2 class=\"h2\">Service<\/h2>\n\t\t\t\t<\/div>\n\t\t\t<\/div>\n\t\t\t\t\t<\/div>\n\t<\/div>\n<\/section>\n\n\n<section class=\"block block-teaser dont-filter block-teaser-page \" style=\"background-color: #FFFFFF\">\n\n\t\n\t\t\n\t\t\t<div class=\"container-fluid teaser-no-lane\"  data-parallax-stagger='{\"child\":\"li\",\"mask\":\".row\",\"split\":false,\"in\":{\"opacity\": [0,0],\"delay\":0},\"center\":{\"y\": [60,0],\"opacity\": [0,1],\"delay\":1,\"ease\":\"sine.out\"},\"out\":{\"opacity\": [1,0],\"delay\":0,\"ease\":\"sine.in\"}}'>\n\t\t\t<ul class=\"row\">\n\t\t\t\t<li class=\"col-xs-12 col-md-6 teaser-page teaser-wrapper padding-bottom-sixth teaser-page teaser-type-standard teaser-col-2\">\n\t<a href=\"https:\/\/www.stadtmuseum.de\/en\/phototheque\" class=\"teaser\">\n\t\t<div>\n\t\t\t<div class=\"teaser-image\">\n\t\t\t\t\n\t\t<lazy-media-inline inline-template data-id=\"1874\">\n\t\t\t<figure itemscope itemtype=\"http:\/\/schema.org\/ImageObject\" class=\"lazy-media-inline \" role=\"group\" id=\"media_6a0649794fb5e\">\n\t\t\t\t<script type=\"application\/json\" ref=\"data\">\n\t\t\t\t{\n\t\t\t\t\"sizes\" : {\"medium\":{\"file\":\"intro_fotothek_01_foto_seru-300x200.jpg\",\"width\":300,\"height\":200,\"mime-type\":\"image\\\/jpeg\",\"filesize\":7839},\"large\":{\"file\":\"intro_fotothek_01_foto_seru-1024x683.jpg\",\"width\":1024,\"height\":683,\"mime-type\":\"image\\\/jpeg\",\"filesize\":56128},\"medium_large\":{\"file\":\"intro_fotothek_01_foto_seru-768x512.jpg\",\"width\":768,\"height\":512,\"mime-type\":\"image\\\/jpeg\",\"filesize\":35084},\"1536x1536\":{\"file\":\"intro_fotothek_01_foto_seru-1536x1024.jpg\",\"width\":1536,\"height\":1024,\"mime-type\":\"image\\\/jpeg\",\"filesize\":108321},\"small\":{\"file\":\"intro_fotothek_01_foto_seru-440x293.jpg\",\"width\":440,\"height\":293,\"mime-type\":\"image\\\/jpeg\",\"filesize\":14373},\"semi\":{\"file\":\"intro_fotothek_01_foto_seru-580x387.jpg\",\"width\":580,\"height\":387,\"mime-type\":\"image\\\/jpeg\",\"filesize\":22491},\"mobile\":{\"file\":\"intro_fotothek_01_foto_seru-720x480.jpg\",\"width\":720,\"height\":480,\"mime-type\":\"image\\\/jpeg\",\"filesize\":31392},\"hd\":{\"file\":\"intro_fotothek_01_foto_seru-1280x853.jpg\",\"width\":1280,\"height\":853,\"mime-type\":\"image\\\/jpeg\",\"filesize\":81095},\"original\":{\"file\":\"intro_fotothek_01_foto_seru.jpg\",\"width\":1920,\"height\":1280}},\n\t\t\t\t\"alt\" : \"Foto eines analogen Fotoapparats.\",\n\t\t\t\t\"path\" : \"\\\/wp-content\\\/uploads\\\/2022\\\/10\\\/\",\n\t\t\t\t\"video\" : null,\n\t\t\t\t\"autoplay\" : null,\n\t\t\t\t\"youtube\" : null,\n\t\t\t\t\"hls\" : \"\",\n\t\t\t\t\"hls_autoplay\" : \"\",\n\t\t\t\t\"youtubelabel\" : \"play\",\n\t\t\t\t\"brightness\" : 100,\n\t\t\t\t\"crop\" : null,\n\t\t\t\t\"background\" : true,\n\t\t\t\t\"scale\" : 1,\n\t\t\t\t\"zoom\" : false,\n\t\t\t\t\"annotations\" : null\t\t\t\t}\n\t\t\t<\/script>\n\t\t\t\t<div class=\"height-container\" style=\"padding-bottom:54%;  \">\n\t\t\t\t\t<lazy-media v-if=\"sizes\" :inline=\"true\" :alt=\"alt\" :sizes=\"sizes\" :scale=\"scale\" :zoom=\"zoom\" :brightness=\"brightness\" :path=\"path\" :video=\"video\" :autoplay=\"autoplay\" :youtube=\"youtube\" :hls=\"hls\" :hls-autoplay=\"hlsAutoplay\" :crop=\"crop\" :youtubelabel=\"youtubelabel\" :annotations=\"annotations\" :background=\"background\"><\/lazy-media>\n\n\t\t\t\t\t\t\t\t\t<\/div>\n\n\t\t\t\t<noscript>\n\t\t\t\t\t\t\t\t\t\t\t\t\t<img decoding=\"async\" src=\"https:\/\/www.stadtmuseum.de\/wp-content\/uploads\/2022\/10\/intro_fotothek_01_foto_seru-300x200.jpg\" alt=\"Foto eines analogen Fotoapparats.\" \/>\n\t\t\t\t\t\t\t\t<\/noscript>\n\n\t\t\t\t\n\t\t\t\t\n\n\n\t\t\t\t\n\t\t\t   \t\t\t\t\t\t\t<\/figure>\n\t\t<\/lazy-media-inline>\n\t\t\t\t\t<\/div>\n\t\t\t<div class=\"teaser-copy\">\n\t\t\t\t<div>\n\t\t\t\t\t<div class=\"teaser-header padding-top-sixth\"><div><h3 class=\"zeplin-teaserHeadline-M\">Phototheque<\/h3><\/div><\/div>\n\t\t\t\t\t<div class=\"copy\"><div class=\"padding-top-sixth\"><span class=\"zeplin-metadata has-highlight-color\">More<\/span><\/div><\/div>\n\t\t\t\t<\/div>\n\t\t\t<\/div>\n\t\t<\/div>\n\t<\/a>\n<\/li><li class=\"col-xs-12 col-md-6 teaser-page teaser-wrapper padding-bottom-sixth teaser-page teaser-type-standard teaser-col-2\">\n\t<a href=\"https:\/\/www.stadtmuseum.de\/en\/library\" class=\"teaser\">\n\t\t<div>\n\t\t\t<div class=\"teaser-image\">\n\t\t\t\t\n\t\t<lazy-media-inline inline-template data-id=\"1722\">\n\t\t\t<figure itemscope itemtype=\"http:\/\/schema.org\/ImageObject\" class=\"lazy-media-inline \" role=\"group\" id=\"media_6a0649795054b\">\n\t\t\t\t<script type=\"application\/json\" ref=\"data\">\n\t\t\t\t{\n\t\t\t\t\"sizes\" : {\"medium\":{\"file\":\"bibliothek-stadtmuseum-berlin-depot-300x203.jpg\",\"width\":300,\"height\":203,\"mime-type\":\"image\\\/jpeg\",\"filesize\":22427},\"large\":{\"file\":\"bibliothek-stadtmuseum-berlin-depot-1024x692.jpg\",\"width\":1024,\"height\":692,\"mime-type\":\"image\\\/jpeg\",\"filesize\":164565},\"medium_large\":{\"file\":\"bibliothek-stadtmuseum-berlin-depot-768x519.jpg\",\"width\":768,\"height\":519,\"mime-type\":\"image\\\/jpeg\",\"filesize\":103832},\"small\":{\"file\":\"bibliothek-stadtmuseum-berlin-depot-440x297.jpg\",\"width\":440,\"height\":297,\"mime-type\":\"image\\\/jpeg\",\"filesize\":42009},\"semi\":{\"file\":\"bibliothek-stadtmuseum-berlin-depot-580x392.jpg\",\"width\":580,\"height\":392,\"mime-type\":\"image\\\/jpeg\",\"filesize\":65694},\"mobile\":{\"file\":\"bibliothek-stadtmuseum-berlin-depot-720x486.jpg\",\"width\":720,\"height\":486,\"mime-type\":\"image\\\/jpeg\",\"filesize\":93810},\"hd\":{\"file\":\"bibliothek-stadtmuseum-berlin-depot-1280x864.jpg\",\"width\":1280,\"height\":864,\"mime-type\":\"image\\\/jpeg\",\"filesize\":231343},\"original\":{\"file\":\"bibliothek-stadtmuseum-berlin-depot.jpg\",\"width\":1500,\"height\":1013}},\n\t\t\t\t\"alt\" : \"Blick in das Depot der Bibliothek\",\n\t\t\t\t\"path\" : \"\\\/wp-content\\\/uploads\\\/2022\\\/10\\\/\",\n\t\t\t\t\"video\" : null,\n\t\t\t\t\"autoplay\" : null,\n\t\t\t\t\"youtube\" : null,\n\t\t\t\t\"hls\" : \"\",\n\t\t\t\t\"hls_autoplay\" : \"\",\n\t\t\t\t\"youtubelabel\" : \"play\",\n\t\t\t\t\"brightness\" : 100,\n\t\t\t\t\"crop\" : null,\n\t\t\t\t\"background\" : true,\n\t\t\t\t\"scale\" : 1,\n\t\t\t\t\"zoom\" : false,\n\t\t\t\t\"annotations\" : null\t\t\t\t}\n\t\t\t<\/script>\n\t\t\t\t<div class=\"height-container\" style=\"padding-bottom:54%;  \">\n\t\t\t\t\t<lazy-media v-if=\"sizes\" :inline=\"true\" :alt=\"alt\" :sizes=\"sizes\" :scale=\"scale\" :zoom=\"zoom\" :brightness=\"brightness\" :path=\"path\" :video=\"video\" :autoplay=\"autoplay\" :youtube=\"youtube\" :hls=\"hls\" :hls-autoplay=\"hlsAutoplay\" :crop=\"crop\" :youtubelabel=\"youtubelabel\" :annotations=\"annotations\" :background=\"background\"><\/lazy-media>\n\n\t\t\t\t\t\t\t\t\t<\/div>\n\n\t\t\t\t<noscript>\n\t\t\t\t\t\t\t\t\t\t\t\t\t<img decoding=\"async\" src=\"https:\/\/www.stadtmuseum.de\/wp-content\/uploads\/2022\/10\/bibliothek-stadtmuseum-berlin-depot-300x203.jpg\" alt=\"Blick in das Depot der Bibliothek\" \/>\n\t\t\t\t\t\t\t\t<\/noscript>\n\n\t\t\t\t\n\t\t\t\t\n\n\n\t\t\t\t\n\t\t\t   \t\t\t\t\t\t\t<\/figure>\n\t\t<\/lazy-media-inline>\n\t\t\t\t\t<\/div>\n\t\t\t<div class=\"teaser-copy\">\n\t\t\t\t<div>\n\t\t\t\t\t<div class=\"teaser-header padding-top-sixth\"><div><h3 class=\"zeplin-teaserHeadline-M\">Library<\/h3><\/div><\/div>\n\t\t\t\t\t<div class=\"copy\"><div class=\"padding-top-sixth\"><span class=\"zeplin-metadata has-highlight-color\">More<\/span><\/div><\/div>\n\t\t\t\t<\/div>\n\t\t\t<\/div>\n\t\t<\/div>\n\t<\/a>\n<\/li><li class=\"col-xs-12 col-md-6 teaser-page teaser-wrapper padding-bottom-sixth teaser-page teaser-type-standard teaser-col-2\">\n\t<a href=\"https:\/\/www.stadtmuseum.de\/en\/hausarchiv\" class=\"teaser\">\n\t\t<div>\n\t\t\t<div class=\"teaser-image\">\n\t\t\t\t\n\t\t<lazy-media-inline inline-template data-id=\"39789\">\n\t\t\t<figure itemscope itemtype=\"http:\/\/schema.org\/ImageObject\" class=\"lazy-media-inline \" role=\"group\" id=\"media_6a06497950aee\">\n\t\t\t\t<script type=\"application\/json\" ref=\"data\">\n\t\t\t\t{\n\t\t\t\t\"sizes\" : {\"medium\":{\"file\":\"liebermann_-_stengel-Large-1280x846-1-300x198.webp\",\"width\":300,\"height\":198,\"mime-type\":\"image\\\/webp\",\"filesize\":7650},\"large\":{\"file\":\"liebermann_-_stengel-Large-1280x846-1-1024x677.webp\",\"width\":1024,\"height\":677,\"mime-type\":\"image\\\/webp\",\"filesize\":53686},\"medium_large\":{\"file\":\"liebermann_-_stengel-Large-1280x846-1-768x508.webp\",\"width\":768,\"height\":508,\"mime-type\":\"image\\\/webp\",\"filesize\":35710},\"small\":{\"file\":\"liebermann_-_stengel-Large-1280x846-1-440x291.webp\",\"width\":440,\"height\":291,\"mime-type\":\"image\\\/webp\",\"filesize\":14444},\"semi\":{\"file\":\"liebermann_-_stengel-Large-1280x846-1-580x383.webp\",\"width\":580,\"height\":383,\"mime-type\":\"image\\\/webp\",\"filesize\":23316},\"mobile\":{\"file\":\"liebermann_-_stengel-Large-1280x846-1-720x476.webp\",\"width\":720,\"height\":476,\"mime-type\":\"image\\\/webp\",\"filesize\":31894},\"original\":{\"file\":\"liebermann_-_stengel-Large-1280x846-1.webp\",\"width\":1280,\"height\":846}},\n\t\t\t\t\"alt\" : \"\",\n\t\t\t\t\"path\" : \"\\\/wp-content\\\/uploads\\\/2023\\\/09\\\/\",\n\t\t\t\t\"video\" : null,\n\t\t\t\t\"autoplay\" : null,\n\t\t\t\t\"youtube\" : null,\n\t\t\t\t\"hls\" : \"\",\n\t\t\t\t\"hls_autoplay\" : \"\",\n\t\t\t\t\"youtubelabel\" : \"play\",\n\t\t\t\t\"brightness\" : 100,\n\t\t\t\t\"crop\" : null,\n\t\t\t\t\"background\" : true,\n\t\t\t\t\"scale\" : 1,\n\t\t\t\t\"zoom\" : false,\n\t\t\t\t\"annotations\" : null\t\t\t\t}\n\t\t\t<\/script>\n\t\t\t\t<div class=\"height-container\" style=\"padding-bottom:54%;  \">\n\t\t\t\t\t<lazy-media v-if=\"sizes\" :inline=\"true\" :alt=\"alt\" :sizes=\"sizes\" :scale=\"scale\" :zoom=\"zoom\" :brightness=\"brightness\" :path=\"path\" :video=\"video\" :autoplay=\"autoplay\" :youtube=\"youtube\" :hls=\"hls\" :hls-autoplay=\"hlsAutoplay\" :crop=\"crop\" :youtubelabel=\"youtubelabel\" :annotations=\"annotations\" :background=\"background\"><\/lazy-media>\n\n\t\t\t\t\t\t\t\t\t<\/div>\n\n\t\t\t\t<noscript>\n\t\t\t\t\t\t\t\t\t\t\t\t\t<img decoding=\"async\" src=\"https:\/\/www.stadtmuseum.de\/wp-content\/uploads\/2023\/09\/liebermann_-_stengel-Large-1280x846-1-300x198.webp\" alt=\"\" \/>\n\t\t\t\t\t\t\t\t<\/noscript>\n\n\t\t\t\t\n\t\t\t\t\n\n\n\t\t\t\t\n\t\t\t   \t\t\t\t\t\t\t<\/figure>\n\t\t<\/lazy-media-inline>\n\t\t\t\t\t<\/div>\n\t\t\t<div class=\"teaser-copy\">\n\t\t\t\t<div>\n\t\t\t\t\t<div class=\"teaser-header padding-top-sixth\"><div><h3 class=\"zeplin-teaserHeadline-M\">House Archive<\/h3><\/div><\/div>\n\t\t\t\t\t<div class=\"copy\"><div class=\"padding-top-minimal\"><p class=\"zeplin-copySmall\">The House Archive of the Stiftung Stadtmuseum Berlin represents the history of the SSB, its predecessor institutions as well as all former and present collections and dependencies with its file holdings, archival collections and bequests across all collections. It sees itself as a place of research and at the same time as the &#8220;historical memory&#8221; of the foundation.<\/p><\/div><div class=\"padding-top-sixth\"><span class=\"zeplin-metadata has-highlight-color\">More<\/span><\/div><\/div>\n\t\t\t\t<\/div>\n\t\t\t<\/div>\n\t\t<\/div>\n\t<\/a>\n<\/li><li class=\"col-xs-12 col-md-6 teaser-page teaser-wrapper padding-bottom-sixth teaser-page teaser-type-standard teaser-col-2\">\n\t<a href=\"https:\/\/www.stadtmuseum.de\/en\/service\/loans\" class=\"teaser\">\n\t\t<div>\n\t\t\t<div class=\"teaser-image\">\n\t\t\t\t\n\t\t<lazy-media-inline inline-template data-id=\"19937\">\n\t\t\t<figure itemscope itemtype=\"http:\/\/schema.org\/ImageObject\" class=\"lazy-media-inline \" role=\"group\" id=\"media_6a0649795108b\">\n\t\t\t\t<script type=\"application\/json\" ref=\"data\">\n\t\t\t\t{\n\t\t\t\t\"sizes\" : {\"medium\":{\"file\":\"BG_210616_klein_082_Exponateinrichtung_Foto_Oana_Popa-Costea-300x200.jpg\",\"width\":300,\"height\":200,\"mime-type\":\"image\\\/jpeg\",\"filesize\":12960},\"large\":{\"file\":\"BG_210616_klein_082_Exponateinrichtung_Foto_Oana_Popa-Costea-1024x682.jpg\",\"width\":1024,\"height\":682,\"mime-type\":\"image\\\/jpeg\",\"filesize\":84104},\"medium_large\":{\"file\":\"BG_210616_klein_082_Exponateinrichtung_Foto_Oana_Popa-Costea-768x512.jpg\",\"width\":768,\"height\":512,\"mime-type\":\"image\\\/jpeg\",\"filesize\":53283},\"1536x1536\":{\"file\":\"BG_210616_klein_082_Exponateinrichtung_Foto_Oana_Popa-Costea-1536x1024.jpg\",\"width\":1536,\"height\":1024,\"mime-type\":\"image\\\/jpeg\",\"filesize\":164295},\"small\":{\"file\":\"BG_210616_klein_082_Exponateinrichtung_Foto_Oana_Popa-Costea-440x293.jpg\",\"width\":440,\"height\":293,\"mime-type\":\"image\\\/jpeg\",\"filesize\":22994},\"semi\":{\"file\":\"BG_210616_klein_082_Exponateinrichtung_Foto_Oana_Popa-Costea-580x387.jpg\",\"width\":580,\"height\":387,\"mime-type\":\"image\\\/jpeg\",\"filesize\":35543},\"mobile\":{\"file\":\"BG_210616_klein_082_Exponateinrichtung_Foto_Oana_Popa-Costea-720x480.jpg\",\"width\":720,\"height\":480,\"mime-type\":\"image\\\/jpeg\",\"filesize\":48812},\"hd\":{\"file\":\"BG_210616_klein_082_Exponateinrichtung_Foto_Oana_Popa-Costea-1280x853.jpg\",\"width\":1280,\"height\":853,\"mime-type\":\"image\\\/jpeg\",\"filesize\":121084},\"full\":{\"file\":\"BG_210616_klein_082_Exponateinrichtung_Foto_Oana_Popa-Costea-1920x1280.jpg\",\"width\":1920,\"height\":1280,\"mime-type\":\"image\\\/jpeg\",\"filesize\":245756},\"original\":{\"file\":\"BG_210616_klein_082_Exponateinrichtung_Foto_Oana_Popa-Costea.jpg\",\"width\":2000,\"height\":1333}},\n\t\t\t\t\"alt\" : \"Eine Vitrine wird \\u00fcber eine Schatulle und einen Schl\\u00fcssel gest\\u00fclpt\",\n\t\t\t\t\"path\" : \"\\\/wp-content\\\/uploads\\\/2023\\\/03\\\/\",\n\t\t\t\t\"video\" : null,\n\t\t\t\t\"autoplay\" : null,\n\t\t\t\t\"youtube\" : null,\n\t\t\t\t\"hls\" : \"\",\n\t\t\t\t\"hls_autoplay\" : \"\",\n\t\t\t\t\"youtubelabel\" : \"play\",\n\t\t\t\t\"brightness\" : 100,\n\t\t\t\t\"crop\" : null,\n\t\t\t\t\"background\" : true,\n\t\t\t\t\"scale\" : 1,\n\t\t\t\t\"zoom\" : false,\n\t\t\t\t\"annotations\" : null\t\t\t\t}\n\t\t\t<\/script>\n\t\t\t\t<div class=\"height-container\" style=\"padding-bottom:54%;  \">\n\t\t\t\t\t<lazy-media v-if=\"sizes\" :inline=\"true\" :alt=\"alt\" :sizes=\"sizes\" :scale=\"scale\" :zoom=\"zoom\" :brightness=\"brightness\" :path=\"path\" :video=\"video\" :autoplay=\"autoplay\" :youtube=\"youtube\" :hls=\"hls\" :hls-autoplay=\"hlsAutoplay\" :crop=\"crop\" :youtubelabel=\"youtubelabel\" :annotations=\"annotations\" :background=\"background\"><\/lazy-media>\n\n\t\t\t\t\t\t\t\t\t<\/div>\n\n\t\t\t\t<noscript>\n\t\t\t\t\t\t\t\t\t\t\t\t\t<img decoding=\"async\" src=\"https:\/\/www.stadtmuseum.de\/wp-content\/uploads\/2023\/03\/BG_210616_klein_082_Exponateinrichtung_Foto_Oana_Popa-Costea-300x200.jpg\" alt=\"Eine Vitrine wird \u00fcber eine Schatulle und einen Schl\u00fcssel gest\u00fclpt\" \/>\n\t\t\t\t\t\t\t\t<\/noscript>\n\n\t\t\t\t\n\t\t\t\t\n\n\n\t\t\t\t\n\t\t\t   \t\t\t\t\t\t\t<\/figure>\n\t\t<\/lazy-media-inline>\n\t\t\t\t\t<\/div>\n\t\t\t<div class=\"teaser-copy\">\n\t\t\t\t<div>\n\t\t\t\t\t<div class=\"teaser-header padding-top-sixth\"><div><h3 class=\"zeplin-teaserHeadline-M\">Loans<\/h3><\/div><\/div>\n\t\t\t\t\t<div class=\"copy\"><div class=\"padding-top-minimal\"><p class=\"zeplin-copySmall\">The Stadtmuseum Berlin loans items from its collection of around 4.5 million objects on the history and culture of Berlin to museums in Germany and abroad.<\/p><\/div><div class=\"padding-top-sixth\"><span class=\"zeplin-metadata has-highlight-color\">More<\/span><\/div><\/div>\n\t\t\t\t<\/div>\n\t\t\t<\/div>\n\t\t<\/div>\n\t<\/a>\n<\/li>\t\t\t<\/ul>\n\t\t<\/div>\n\t\n\t<\/section>\n","protected":false},"excerpt":{"rendered":"","protected":false},"author":7,"featured_media":0,"parent":0,"menu_order":0,"comment_status":"closed","ping_status":"closed","template":"","meta":{"_acf_changed":false,"footnotes":""},"acf":[],"_links":{"self":[{"href":"https:\/\/www.stadtmuseum.de\/en\/wp-json\/wp\/v2\/pages\/12973"}],"collection":[{"href":"https:\/\/www.stadtmuseum.de\/en\/wp-json\/wp\/v2\/pages"}],"about":[{"href":"https:\/\/www.stadtmuseum.de\/en\/wp-json\/wp\/v2\/types\/page"}],"author":[{"embeddable":true,"href":"https:\/\/www.stadtmuseum.de\/en\/wp-json\/wp\/v2\/users\/7"}],"replies":[{"embeddable":true,"href":"https:\/\/www.stadtmuseum.de\/en\/wp-json\/wp\/v2\/comments?post=12973"}],"version-history":[{"count":8,"href":"https:\/\/www.stadtmuseum.de\/en\/wp-json\/wp\/v2\/pages\/12973\/revisions"}],"predecessor-version":[{"id":15183,"href":"https:\/\/www.stadtmuseum.de\/en\/wp-json\/wp\/v2\/pages\/12973\/revisions\/15183"}],"wp:attachment":[{"href":"https:\/\/www.stadtmuseum.de\/en\/wp-json\/wp\/v2\/media?parent=12973"}],"curies":[{"name":"wp","href":"https:\/\/api.w.org\/{rel}","templated":true}]}}