{"id":13902,"date":"2022-12-09T12:42:43","date_gmt":"2022-12-09T11:42:43","guid":{"rendered":"https:\/\/www.stadtmuseum.de\/?page_id=13902"},"modified":"2022-12-09T12:42:44","modified_gmt":"2022-12-09T11:42:44","slug":"clockmaking-in-berlin","status":"publish","type":"page","link":"https:\/\/www.stadtmuseum.de\/en\/provenance-research\/clockmaking-in-berlin","title":{"rendered":"<strong>Clockmaking in Berlin<\/strong>"},"content":{"rendered":"<section class=\"block block-header-page padding-top-half margin-bottom-half\"  >\n\t<div class=\"container-fluid\">\n\t\t<div class=\"row\">\n\t\t\t<div class=\"col-xs-12\">\n\t\t\t\t<h1 class=\"has-highlight-color\">Clockmaking in Berlin<\/h1>\n\t\t\t<\/div>\n\t\t<\/div>\n\t\t\t\t<div class=\"row\">\n\t\t\t<div class=\"col-xs-12 col-md-6 padding-top-minimal\">\n\t\t\t\t<div class=\"zeplin-subHead03\">Historical clocks online<\/div>\n\t\t\t<\/div>\n\n\t\t\t\t\t\t<div class=\"col-xs-9 col-xs-offset-3 col-md-5 col-md-offset-1 padding-top-third\">\n\t\t\t\t\n\t\t<lazy-media-inline inline-template data-id=\"3988\">\n\t\t\t<figure itemscope itemtype=\"http:\/\/schema.org\/ImageObject\" class=\"lazy-media-inline \" role=\"group\" id=\"media_69d27c27d8d12\">\n\t\t\t\t<script type=\"application\/json\" ref=\"data\">\n\t\t\t\t{\n\t\t\t\t\"sizes\" : {\"medium\":{\"file\":\"achteckige_uhr-300x246.jpg\",\"width\":300,\"height\":246,\"mime-type\":\"image\\\/jpeg\",\"filesize\":14392},\"large\":{\"file\":\"achteckige_uhr-1024x841.jpg\",\"width\":1024,\"height\":841,\"mime-type\":\"image\\\/jpeg\",\"filesize\":103182},\"medium_large\":{\"file\":\"achteckige_uhr-768x631.jpg\",\"width\":768,\"height\":631,\"mime-type\":\"image\\\/jpeg\",\"filesize\":65751},\"small\":{\"file\":\"achteckige_uhr-440x361.jpg\",\"width\":440,\"height\":361,\"mime-type\":\"image\\\/jpeg\",\"filesize\":26647},\"semi\":{\"file\":\"achteckige_uhr-580x476.jpg\",\"width\":580,\"height\":476,\"mime-type\":\"image\\\/jpeg\",\"filesize\":41755},\"mobile\":{\"file\":\"achteckige_uhr-720x591.jpg\",\"width\":720,\"height\":591,\"mime-type\":\"image\\\/jpeg\",\"filesize\":59201},\"original\":{\"file\":\"achteckige_uhr.jpg\",\"width\":1218,\"height\":1000}},\n\t\t\t\t\"alt\" : \"Horizontale Tischuhr im Lederetui des Berliner Uhrmachers David Nicolaus Albrecht, 1680-1740\",\n\t\t\t\t\"path\" : \"\\\/wp-content\\\/uploads\\\/2022\\\/10\\\/\",\n\t\t\t\t\"video\" : null,\n\t\t\t\t\"autoplay\" : null,\n\t\t\t\t\"youtube\" : null,\n\t\t\t\t\"youtubelabel\" : \"play\",\n\t\t\t\t\"brightness\" : 100,\n\t\t\t\t\"crop\" : null,\n\t\t\t\t\"background\" : false,\n\t\t\t\t\"scale\" : 1,\n\t\t\t\t\"zoom\" : false,\n\t\t\t\t\"annotations\" : null\t\t\t\t}\n\t\t\t<\/script>\n\t\t\t\t<div class=\"height-container\" style=\"padding-bottom:82.101806239737%;  \" v-if=\"sizes\">\n\t\t\t\t\t<lazy-media :inline=\"true\" :alt=\"alt\" :sizes=\"sizes\" :scale=\"scale\" :zoom=\"zoom\" :brightness=\"brightness\" :path=\"path\" :video=\"video\" :autoplay=\"autoplay\" :youtube=\"youtube\" :crop=\"crop\" :youtubelabel=\"youtubelabel\" :annotations=\"annotations\" :background=\"background\"><\/lazy-media>\n\n\t\t\t\t\t\t\t\t\t<\/div>\n\n\t\t\t\t\n\t\t\t\t\n\n\n\t\t\t\t\t\t\t\t\t\t<figcaption class=\"\">\n\t\t\t\t\t\t\t\t\t\t\t\t\t\t\t<div class=\"lazy-media-image-label\">Horizontal table clock in a leather case by Berlin clockmaker David Nicolaus Albrecht, 1680-1740 <\/div>\n\t\t\t\t\t\t\t\t\t\t\t\t\t\t\t\t\t\t\t\t\t\t<div class=\"lazy-media-image-description\">\u00a9 Stadtmuseum Berlin <\/div>\n\t\t\t\t\t\t\t\t\t\t\t\t\t<\/figcaption>\n\t\t\t\t\t\t\t\t\t\n\t\t\t   \t\t\t\t\t\t\t<\/figure>\n\t\t<\/lazy-media-inline>\n\t\t\t\t\t<\/div>\n\t\t\t\t\t<\/div>\n\t\t\t<\/div>\n<\/section>\n\n\n\n<section class=\"block block-copy-service\" >\n\t<div class=\"container-fluid\">\n\t\t<div class=\"row\">\n\t\t\t<div class=\"col-xs-12 col-md-8 padding-top-sixth margin-bottom-sixth\">\n\t\t\t\t<div class=\"box\">\n\t\t\t\t\t<div class=\"copy editor\">\n\t\t\t\t\t\t<p class=\"zeplin-subHead02\">For a long time, little research was conducted into Berlin&#8217;s rich history of clockmaking. In 2014, the Stadtmuseum Berlin assembled an interdisciplinary team dedicated to researching particularly valuable and historic clocks made in Berlin. The result: 41 clocks from the 18th and 19th centuries can now be viewed online.<\/p>\n\t\t\t\t\t<\/div>\n\t\t\t\t<\/div>\n\t\t\t<\/div>\n\t\t\t<div class=\"col-xs-12 col-md-3 col-md-offset-1 padding-top-sixth\">\n\t\t\t\t<div class=\"box margin-bottom-sixth \">\n\t\t\t\t\t<p class=\"zeplin-copySmall\"><\/p>\n\t\t\t\t<\/div>\n\n\n\n\t\t\t\t\t\t\t<\/div>\n\t\t<\/div>\n\t<\/div>\n<\/section>\n\n\n<section class=\"block block-copy settings-intend\">\n\t<div class=\"container-fluid\">\n\t\t<div class=\"row\">\n\t\t\t<div class=\"col-xs-12 col-md-7\">\n\t\t\t\t<div class=\"copy\">\n\t\t\t\t\t<p>Frederick the Great (1712-1786) commissioned Berlin-based clockmakers to design handcrafted clocks specially to his taste and played a major role in promoting the still nascent craft in Berlin. His efforts bore fruit: from the 18<sup>th <\/sup>century onwards, Berlin clockmakers became known throughout Europe for the construction of small grandfather clocks (&#8220;bracket clocks&#8221;) and mechanical music boxes .<\/p>\n\t\t\t\t<\/div>\n\t\t\t<\/div>\n\t\t<\/div>\n\t<\/div>\n<\/section>\n\n\n<section class=\"block block-standard-image-copy  align-left\" data-parallax='{\"child\":\".motion-image\",\"mask\":\".row\",\"full\":{\"y\": [5,-5]}}' id=\"sticky_69d27c27d94ba\">\n\t<div class=\"container-fluid\" data-parallax='{\"child\":\".row\",\"mask\":\".motion-image\",\"in\":{\"scale\": [1.1,1.1],\"opacity\": [0,0]},\"center\":{\"scale\": [1.1,1],\"opacity\": [0,1],\"ease\":\"sine.out\"},\"out\":{\"opacity\": [1,0]}}'>\n\t\t<div class=\"row\">\n\t\t\t\t\t\t\t<div class=\"col-xs-12 col-md-7\">\n\t\t\t\t\t<div class=\"padding-bottom-minimal padding-top-minimal\" >\n\t\t\t\t\t\t\n\t\t<lazy-media-inline inline-template data-id=\"3990\">\n\t\t\t<figure itemscope itemtype=\"http:\/\/schema.org\/ImageObject\" class=\"lazy-media-inline \" role=\"group\" id=\"media_69d27c27d97a9\">\n\t\t\t\t<script type=\"application\/json\" ref=\"data\">\n\t\t\t\t{\n\t\t\t\t\"sizes\" : {\"medium\":{\"file\":\"goldeneuhr-200x300.jpg\",\"width\":200,\"height\":300,\"mime-type\":\"image\\\/jpeg\",\"filesize\":9792},\"small\":{\"file\":\"goldeneuhr-293x440.jpg\",\"width\":293,\"height\":440,\"mime-type\":\"image\\\/jpeg\",\"filesize\":17449},\"semi\":{\"file\":\"goldeneuhr-387x580.jpg\",\"width\":387,\"height\":580,\"mime-type\":\"image\\\/jpeg\",\"filesize\":26593},\"mobile\":{\"file\":\"goldeneuhr-480x720.jpg\",\"width\":480,\"height\":720,\"mime-type\":\"image\\\/jpeg\",\"filesize\":36396},\"original\":{\"file\":\"goldeneuhr.jpg\",\"width\":667,\"height\":1000}},\n\t\t\t\t\"alt\" : \"Kaminuhr aus vergoldetem Zinkguss, rechts mit Figure in Gewand, links die Uhr, beide auf wei\\u00dfem Sockeldes Berliner Uhrmachers Conrad Felsing, 1868\",\n\t\t\t\t\"path\" : \"\\\/wp-content\\\/uploads\\\/2022\\\/10\\\/\",\n\t\t\t\t\"video\" : null,\n\t\t\t\t\"autoplay\" : null,\n\t\t\t\t\"youtube\" : null,\n\t\t\t\t\"youtubelabel\" : \"play\",\n\t\t\t\t\"brightness\" : 100,\n\t\t\t\t\"crop\" : null,\n\t\t\t\t\"background\" : false,\n\t\t\t\t\"scale\" : 1,\n\t\t\t\t\"zoom\" : false,\n\t\t\t\t\"annotations\" : null\t\t\t\t}\n\t\t\t<\/script>\n\t\t\t\t<div class=\"height-container\" style=\"padding-bottom:149.92503748126%;  \" v-if=\"sizes\">\n\t\t\t\t\t<lazy-media :inline=\"true\" :alt=\"alt\" :sizes=\"sizes\" :scale=\"scale\" :zoom=\"zoom\" :brightness=\"brightness\" :path=\"path\" :video=\"video\" :autoplay=\"autoplay\" :youtube=\"youtube\" :crop=\"crop\" :youtubelabel=\"youtubelabel\" :annotations=\"annotations\" :background=\"background\"><\/lazy-media>\n\n\t\t\t\t\t\t\t\t\t<\/div>\n\n\t\t\t\t\n\t\t\t\t\n\n\n\t\t\t\t\t\t\t\t\t\t<figcaption class=\"\">\n\t\t\t\t\t\t\t\t\t\t\t\t\t\t\t<div class=\"lazy-media-image-label\">Gold-plated cast zinc mantel clock by Berlin clockmaker Conrad Felsing, 1868<\/div>\n\t\t\t\t\t\t\t\t\t\t\t\t\t\t\t\t\t\t\t\t\t\t<div class=\"lazy-media-image-description\">\u00a9 Stadtmuseum Berlin <\/div>\n\t\t\t\t\t\t\t\t\t\t\t\t\t<\/figcaption>\n\t\t\t\t\t\t\t\t\t\n\t\t\t   \t\t\t\t\t\t\t<\/figure>\n\t\t<\/lazy-media-inline>\n\t\t\t\t\t\t\t<\/div>\n\t\t\t\t<\/div>\n\t\t\t\t<div class=\"col-xs-12 col-md-4 col-md-offset-1\">\n\t\t\t\t\t<div class=\"padding-bottom-minimal padding-top-minimal copy\" >\n\t\t\t\t\t\t\t\t\t\t\t\t<h3 class=\"margin-bottom-third \">A rich but little researched history<\/h3>\n\t\t\t\t\t\t\t\t\t\t\t\tBerlin clockmakers also excelled in the manufacture of precision pendulum clocks for scientific purposes.<br><br>However, despite its rich history of clockmaking, Berlin has received relatively little attention in this field compared to traditional clockmaking centres of Nuremberg and Augsburg.\u00a0\t\t\t\t\t<\/div>\n\t\t\t\t<\/div>\n\t\t\t\t\t<\/div>\n\t<\/div>\n<\/section>\n\n\n<section class=\"block block-headline has-highlight-color block-no-margin\" >\n\t<div class=\"container-fluid\">\n\t\t<div class=\"row\">\n\t\t\t\t\t\t<div class=\"col-xs-12 col-md-7\">\n\t\t\t\t<div class=\"box\">\n\t\t\t\t\t<h2 class=\"h3\">A wide variety of clocks on display<\/h2>\n\t\t\t\t<\/div>\n\t\t\t<\/div>\n\t\t\t\t\t<\/div>\n\t<\/div>\n<\/section>\n\n\n<section class=\"block block-copy block-no-margin\">\n\t<div class=\"container-fluid\">\n\t\t<div class=\"row\">\n\t\t\t<div class=\"col-xs-12 col-md-7 col-md-offset-5\">\n\t\t\t\t<div class=\"copy\">\n\t\t\t\t\t<p>A team of researchers from several Berlin museums set out to change that. In 2014, they began working with private collectors to assemble a valuable archive. Images and descriptions of 41 historical clocks are now available to on the\u00a0<a href=\"https:\/\/www.museum-digital.de\/\">Museum-Digital<\/a>\u00a0platform for experts and laypeople alike.<\/p>\n\t\t\t\t<\/div>\n\t\t\t<\/div>\n\t\t<\/div>\n\t<\/div>\n<\/section>\n\n\n\n<section class=\"block block-buttons block-buttons-callToAction\">\n\t<div class=\"container-fluid\">\n\t\t<div class=\"row\">\n\t\t\t<div class=\"col-xs-12 col-md-7 col-md-offset-5 block-buttons-wrapper\">\n\t\t\t\t\n<div class='ho-button-group' >\n\n<div class=\"block-buttons-item\">\n<a href=\"https:\/\/themator.museum-digital.de\/ausgabe\/showthema.php?m_tid=1070&#038;tid=1070\" target=\"_blank\" class=\"ho-button is-large is-secondary\">\n<span class=\"ho-button-label\">\n\tMuseum-Digital<\/span>\n<\/a>\n<\/div>\n<\/div>\n\t\t\t<\/div>\n\t\t<\/div>\n\t<\/div>\n<\/section>\n\n\n<section class=\"block block-quote \">\n\t<figure>\n\t\t<div class=\"container-fluid\">\n\t\t\t<div class=\"row center-xs\">\n\t\t\t\t\t\t\t\t\t\t\t\t\t<div class=\"col-xs-10\">\n\t\t\t\t\t\t<div class=\"box\">\n\t\t\t\t\t\t\t<blockquote class=\"zeplin-quote\">Table clocks, console clocks, vase clocks and sundials: with around 600 photographs, over 40 sound recordings as well as numerous texts, the website showcases the rich diversity of Berlin&#8217;s craftsmanship.<\/blockquote>\n\t\t\t\t\t\t<\/div>\n\t\t\t\t\t<\/div>\n\t\t\t\t\t\t\t<\/div>\n\t\t<\/div>\n\n\t\t\t<\/figure>\n<\/section>\n\n\n\n\n\n<block-ticker class=\"block block-ticker\" inline-template>\n\t<div :class=\"{ firstLoaded: firstLoaded,userPaused: userPaused }\">\n\t\t<script type=\"application\/json\" ref=\"data\">\n\t\t{\n\t\t\t\"images\" : [{\"id\":0,\"width\":665,\"height\":1000,\"alt\":\"Kaminuhr, signiert durch den Berliner Uhrmacher Jaques Hovelac, um 1780\",\"title\":\"\",\"label\":\"Mantel clock, signed by Berlin clockmaker Jaques Hovelac, c. 1780\",\"description\":\"\\u00a9 Stadtmuseum Berlin\",\"copyright\":\"\",\"path\":\"\\\/wp-content\\\/uploads\\\/2022\\\/10\\\/\",\"sizes\":{\"medium\":{\"file\":\"kaminuhr-200x300.jpg\",\"width\":200,\"height\":300,\"mime-type\":\"image\\\/jpeg\",\"filesize\":9964},\"thumbnail\":{\"file\":\"kaminuhr-150x150.jpg\",\"width\":150,\"height\":150,\"mime-type\":\"image\\\/jpeg\",\"filesize\":4918},\"small\":{\"file\":\"kaminuhr-293x440.jpg\",\"width\":293,\"height\":440,\"mime-type\":\"image\\\/jpeg\",\"filesize\":17352},\"semi\":{\"file\":\"kaminuhr-386x580.jpg\",\"width\":386,\"height\":580,\"mime-type\":\"image\\\/jpeg\",\"filesize\":26021},\"mobile\":{\"file\":\"kaminuhr-479x720.jpg\",\"width\":479,\"height\":720,\"mime-type\":\"image\\\/jpeg\",\"filesize\":35918},\"original\":{\"file\":\"kaminuhr.jpg\",\"width\":665,\"height\":1000}}},{\"id\":1,\"width\":683,\"height\":1000,\"alt\":\"Goldverzierte Reiseuhr des Berliner Uhrmachers Johann Christian Gottlieb Gunckel, 1750\",\"title\":\"\",\"label\":\"Carriage clock by Berlin clockmaker Johann Christian Gottlieb Gunckel, 1750\",\"description\":\"\\u00a9 Stadtmuseum Berlin\",\"copyright\":\"\",\"path\":\"\\\/wp-content\\\/uploads\\\/2022\\\/10\\\/\",\"sizes\":{\"medium\":{\"file\":\"gunckel-205x300.jpg\",\"width\":205,\"height\":300,\"mime-type\":\"image\\\/jpeg\",\"filesize\":11462},\"thumbnail\":{\"file\":\"gunckel-150x150.jpg\",\"width\":150,\"height\":150,\"mime-type\":\"image\\\/jpeg\",\"filesize\":5874},\"small\":{\"file\":\"gunckel-301x440.jpg\",\"width\":301,\"height\":440,\"mime-type\":\"image\\\/jpeg\",\"filesize\":20684},\"semi\":{\"file\":\"gunckel-396x580.jpg\",\"width\":396,\"height\":580,\"mime-type\":\"image\\\/jpeg\",\"filesize\":31831},\"mobile\":{\"file\":\"gunckel-492x720.jpg\",\"width\":492,\"height\":720,\"mime-type\":\"image\\\/jpeg\",\"filesize\":43918},\"original\":{\"file\":\"gunckel.jpg\",\"width\":683,\"height\":1000}}},{\"id\":2,\"width\":732,\"height\":1000,\"alt\":\"Portaluhr des Berliner Uhrmachers Christian M&ouml;llinger, um 1790\",\"title\":\"\",\"label\":\"Column clock by Berlin clockmaker Christian M\\u00f6llinger, c. 1790\",\"description\":\"\\u00a9 Stadtmuseum Berlin\",\"copyright\":\"\",\"path\":\"\\\/wp-content\\\/uploads\\\/2022\\\/10\\\/\",\"sizes\":{\"medium\":{\"file\":\"uhr_3-220x300.jpg\",\"width\":220,\"height\":300,\"mime-type\":\"image\\\/jpeg\",\"filesize\":13429},\"thumbnail\":{\"file\":\"uhr_3-150x150.jpg\",\"width\":150,\"height\":150,\"mime-type\":\"image\\\/jpeg\",\"filesize\":6392},\"small\":{\"file\":\"uhr_3-322x440.jpg\",\"width\":322,\"height\":440,\"mime-type\":\"image\\\/jpeg\",\"filesize\":25082},\"semi\":{\"file\":\"uhr_3-425x580.jpg\",\"width\":425,\"height\":580,\"mime-type\":\"image\\\/jpeg\",\"filesize\":39716},\"mobile\":{\"file\":\"uhr_3-527x720.jpg\",\"width\":527,\"height\":720,\"mime-type\":\"image\\\/jpeg\",\"filesize\":56021},\"original\":{\"file\":\"uhr_3.jpg\",\"width\":732,\"height\":1000}}},{\"id\":3,\"width\":1200,\"height\":800,\"alt\":\"Horizontale Tischuhr im Lederetui, um 1690\",\"title\":\"\",\"label\":\"Horizontal table clock in leather case, c. 1690\",\"description\":\"\\u00a9 Stadtmuseum Berlin I Foto: Oliver Ziebe\",\"copyright\":\"\",\"path\":\"\\\/wp-content\\\/uploads\\\/2022\\\/10\\\/\",\"sizes\":{\"medium\":{\"file\":\"tischuhr_ssb-300x200.jpg\",\"width\":300,\"height\":200,\"mime-type\":\"image\\\/jpeg\",\"filesize\":9964},\"large\":{\"file\":\"tischuhr_ssb-1024x683.jpg\",\"width\":1024,\"height\":683,\"mime-type\":\"image\\\/jpeg\",\"filesize\":77876},\"thumbnail\":{\"file\":\"tischuhr_ssb-150x150.jpg\",\"width\":150,\"height\":150,\"mime-type\":\"image\\\/jpeg\",\"filesize\":4882},\"medium_large\":{\"file\":\"tischuhr_ssb-768x512.jpg\",\"width\":768,\"height\":512,\"mime-type\":\"image\\\/jpeg\",\"filesize\":47489},\"small\":{\"file\":\"tischuhr_ssb-440x293.jpg\",\"width\":440,\"height\":293,\"mime-type\":\"image\\\/jpeg\",\"filesize\":18279},\"semi\":{\"file\":\"tischuhr_ssb-580x387.jpg\",\"width\":580,\"height\":387,\"mime-type\":\"image\\\/jpeg\",\"filesize\":29470},\"mobile\":{\"file\":\"tischuhr_ssb-720x480.jpg\",\"width\":720,\"height\":480,\"mime-type\":\"image\\\/jpeg\",\"filesize\":42914},\"original\":{\"file\":\"tischuhr_ssb.jpg\",\"width\":1200,\"height\":800}}},{\"id\":4,\"width\":667,\"height\":1000,\"alt\":\"Vasenuhr aus dem Besitz der aus Frankreich nach Berlin gefl&uuml;chteten hugenottischen Familie Raven&eacute;, 1790\",\"title\":\"\",\"label\":\"Vase clock owned by the Huguenot Raven\\u00e9 family who fled from France to Berlin, 1790\",\"description\":\"\\u00a9 Stadtmuseum Berlin\",\"copyright\":\"\",\"path\":\"\\\/wp-content\\\/uploads\\\/2022\\\/10\\\/\",\"sizes\":{\"medium\":{\"file\":\"vasenuhr-200x300.jpg\",\"width\":200,\"height\":300,\"mime-type\":\"image\\\/jpeg\",\"filesize\":8844},\"thumbnail\":{\"file\":\"vasenuhr-150x150.jpg\",\"width\":150,\"height\":150,\"mime-type\":\"image\\\/jpeg\",\"filesize\":4433},\"small\":{\"file\":\"vasenuhr-293x440.jpg\",\"width\":293,\"height\":440,\"mime-type\":\"image\\\/jpeg\",\"filesize\":16062},\"semi\":{\"file\":\"vasenuhr-387x580.jpg\",\"width\":387,\"height\":580,\"mime-type\":\"image\\\/jpeg\",\"filesize\":24839},\"mobile\":{\"file\":\"vasenuhr-480x720.jpg\",\"width\":480,\"height\":720,\"mime-type\":\"image\\\/jpeg\",\"filesize\":34264},\"original\":{\"file\":\"vasenuhr.jpg\",\"width\":667,\"height\":1000}}}]\t\t}\n\t\t<\/script>\n\n\t\t<div class=\"container-fluid margin-bottom-minimal\">\n\t\t\t<div class=\"row end-xs\">\n\t\t\t\t<div class=\"col-xs-12\">\n\t\t\t\t\t<div class=\"block-ticker-btn-wrapper\">\n\t\t\t\t\t\t<button type=\"button\" aria-label=\"Animation starten \/ stoppen\" class=\"ho-button is-tertiary has-icon\" @click=\"userToggle\">\n\t\t\t\t\t\t\t<span class=\"ho-button-icon icon-play\"><\/span>\n\t\t\t\t\t\t\t<span class=\"ho-button-icon icon-pause\"><\/span>\n\t\t\t\t\t\t<\/button>\n\t\t\t\t\t<\/div>\n\t\t\t\t<\/div>\n\t\t\t<\/div>\n\t\t<\/div>\n\n\t\t<div class=\"carousel\">\n\t\t\t<div class=\"carousel-cell\" :key=\"image.id\" v-for=\"image in images\">\n\t\t\t\t<figure>\n\t\t\t\t\t<img :src=\"image.src\" :alt=\"image.alt\" @load=\"imageLoaded\">\n\n\t\t\t\t\t<figcaption>\n\t\t\t\t\t\t<div class=\"lazy-media-image-label\" v-html=\"image.label\"><\/div>\n\t\t\t\t\t\t<div class=\"lazy-media-image-description\" v-html=\"image.description\"><\/div>\n\t\t\t\t\t<\/figcaption>\n\t\t\t\t<\/figure>\n\t\t\t<\/div>\n\t\t<\/div>\n\t<\/div>\n<\/block-ticker>\n\n\n<section class=\"block block-copy\">\n\t<read-more inline-template>\n\t\t<div>\n\t\t\t<content-reveal :open=\"active\">\n\t\t\t\t<div class=\"container-fluid\">\n\t\t\t\t\t<div class=\"row\">\n\t\t\t\t\t\t<div class=\"col-xs-12 col-md-7 col-md-offset-5\">\n\t\t\t\t\t\t\t<div class=\"copy\">\n\t\t\t\t\t\t\t\t<p>The\u00a0<a href=\"https:\/\/ex.musdig.org\/berliner-uhren\">project &#8220;Berliner Uhren bis 1918&#8221; on Museum-Digital\u00a0<\/a>was carried out with funding from the Senate Department for Culture and Europe, with the coordination and support of the\u00a0<a href=\"https:\/\/www.digis-berlin.de\/\">Research and Competence Centre Digitalization Berlin<\/a>\u00a0(digiS).<br><br>The team of researchers includes employees of the Stiftung Preu\u00dfische Schl\u00f6sser und G\u00e4rten Berlin-Brandenburg (Prussian Palaces and Gardens Foundation Berlin-Brandenburg), the Kunstgewerbemuseum (Museum of Decorative Arts), the Musikinstrumenten-Museum (Museum of Musical Instruments) and the Stadtmuseum Berlin. The clocks belong to their respective museum collections as well as those of other museums and private individuals.<\/p>\n\t\t\t\t\t\t\t<\/div>\n\t\t\t\t\t\t<\/div>\n\t\t\t\t\t<\/div>\n\t\t\t\t<\/div>\n\t\t\t<\/content-reveal>\n\t\t\t<div class=\"container-fluid\">\n\t\t\t\t<div class=\"row\">\n\t\t\t\t\t<div class=\"col-xs-12 col-md-7 col-md-offset-5\">\n\t\t\t\t\t\t<button ref=\"toggleButton\" @click=\"toggle\" class=\"ho-button\">\n\t\t\t\t\t\t\t<span class=\"ho-button-label font-bold\" v-if=\"!active\">\n\t\t\t\t\t\t\t\tRead more\t\t\t\t\t\t\t<\/span>\n\t\t\t\t\t\t\t<span class=\"ho-button-label font-bold\"  v-if=\"active\">\n\t\t\t\t\t\t\t\tRead less\t\t\t\t\t\t\t<\/span>\n\t\t\t\t\t\t<\/button>\n\t\t\t\t\t<\/div>\n\t\t\t\t<\/div>\n\t\t\t<\/div>\n\t\t<\/div>\n\t<\/read-more>\n<\/section>\n\n\n<section class=\"block block-copy-hint\">\n\t<div class=\"container-fluid\">\n\t\t<div class=\"block-copy-hint-wrapper\">\n\t\t\t<div class=\"row\">\n\t\t\t\t<div class=\"col-xs-12 col-md-2  padding-top-sixth margin-bottom-sixth\">\n\t\t\t\t\t<div class=\"box\">\n\t\t\t\t\t\t<div class=\"copy\">\n\t\t\t\t\t\t\t<h5 class=\"zeplin-subHead05 block-copy-hint-hl\">Clock collection<\/h5>\n\t\t\t\t\t\t<\/div>\n\t\t\t\t\t<\/div>\n\t\t\t\t<\/div>\n\n\t\t\t\t<div class=\"col-xs-12 col-md-8 col-md-offset-1 padding-top-sixth margin-bottom-sixth\">\n\t\t\t\t\t<div class=\"box\">\n\t\t\t\t\t\t<div class=\"copy editor\">\n\t\t\t\t\t\t\t<p>The Stadtmuseum Berlin contributed 17 clocks from its collection for the project. The collection consists of around 380 different objects made in Berlin between the 16<sup>th<\/sup> and 20<sup>th<\/sup> centuries, making it one of the largest collection of Berlin-made clocks in the city.<\/p>\n\t\t\t\t\t\t<\/div>\n\t\t\t\t\t<\/div>\n\t\t\t\t<\/div>\n\t\t\t<\/div>\n\t\t\t<div class=\"row\">\n\t\t\t\t<div class=\"col-xs-12 col-md-8 col-md-offset-3\">\n\t\t\t\t\t<div class=\"box\">\n\t\t\t\t\t\t\n<div class='ho-button-group' ><\/div>\n\t\t\t\t\t<\/div>\n\t\t\t\t<\/div>\n\t\t\t<\/div>\n\t\t<\/div>\n\t<\/div>\n<\/section>\n","protected":false},"excerpt":{"rendered":"<p>Historical clocks online<\/p>\n","protected":false},"author":8,"featured_media":3988,"parent":13765,"menu_order":0,"comment_status":"closed","ping_status":"closed","template":"","meta":{"_acf_changed":false,"footnotes":""},"acf":[],"_links":{"self":[{"href":"https:\/\/www.stadtmuseum.de\/en\/wp-json\/wp\/v2\/pages\/13902"}],"collection":[{"href":"https:\/\/www.stadtmuseum.de\/en\/wp-json\/wp\/v2\/pages"}],"about":[{"href":"https:\/\/www.stadtmuseum.de\/en\/wp-json\/wp\/v2\/types\/page"}],"author":[{"embeddable":true,"href":"https:\/\/www.stadtmuseum.de\/en\/wp-json\/wp\/v2\/users\/8"}],"replies":[{"embeddable":true,"href":"https:\/\/www.stadtmuseum.de\/en\/wp-json\/wp\/v2\/comments?post=13902"}],"version-history":[{"count":0,"href":"https:\/\/www.stadtmuseum.de\/en\/wp-json\/wp\/v2\/pages\/13902\/revisions"}],"up":[{"embeddable":true,"href":"https:\/\/www.stadtmuseum.de\/en\/wp-json\/wp\/v2\/pages\/13765"}],"wp:featuredmedia":[{"embeddable":true,"href":"https:\/\/www.stadtmuseum.de\/en\/wp-json\/wp\/v2\/media\/3988"}],"wp:attachment":[{"href":"https:\/\/www.stadtmuseum.de\/en\/wp-json\/wp\/v2\/media?parent=13902"}],"curies":[{"name":"wp","href":"https:\/\/api.w.org\/{rel}","templated":true}]}}